{"id":5335,"date":"2024-04-18T00:56:09","date_gmt":"2024-04-18T00:56:09","guid":{"rendered":"https:\/\/loverescuefoundation.org\/?page_id=5335"},"modified":"2024-04-18T04:24:00","modified_gmt":"2024-04-18T04:24:00","slug":"servicios","status":"publish","type":"page","link":"https:\/\/loverescuefoundation.org\/en\/servicios\/","title":{"rendered":"Services"},"content":{"rendered":"<div data-elementor-type=\"wp-page\" data-elementor-id=\"5335\" class=\"elementor elementor-5335\" data-elementor-post-type=\"page\">\n\t\t\t\t\t\t<section class=\"elementor-section elementor-top-section elementor-element elementor-element-2f17ea5 elementor-section-full_width elementor-section-stretched elementor-section-height-default elementor-section-height-default\" data-id=\"2f17ea5\" data-element_type=\"section\" data-settings=\"{&quot;stretch_section&quot;:&quot;section-stretched&quot;,&quot;background_background&quot;:&quot;classic&quot;}\">\n\t\t\t\t\t\t\t<div class=\"elementor-background-overlay\"><\/div>\n\t\t\t\t\t\t\t<div class=\"elementor-container elementor-column-gap-default\">\n\t\t\t\t\t<div class=\"elementor-column elementor-col-50 elementor-top-column elementor-element elementor-element-08fd0ec\" data-id=\"08fd0ec\" data-element_type=\"column\">\n\t\t\t<div class=\"elementor-widget-wrap elementor-element-populated\">\n\t\t\t\t\t\t<section class=\"elementor-section elementor-inner-section elementor-element elementor-element-32bc9ef elementor-section-full_width elementor-section-height-default elementor-section-height-default\" data-id=\"32bc9ef\" data-element_type=\"section\">\n\t\t\t\t\t\t<div class=\"elementor-container elementor-column-gap-default\">\n\t\t\t\t\t<div class=\"elementor-column elementor-col-100 elementor-inner-column elementor-element elementor-element-a20e755\" data-id=\"a20e755\" data-element_type=\"column\">\n\t\t\t<div class=\"elementor-widget-wrap elementor-element-populated\">\n\t\t\t\t\t\t<div class=\"elementor-element elementor-element-8e1cf79 elementor-widget elementor-widget-heading\" data-id=\"8e1cf79\" data-element_type=\"widget\" data-widget_type=\"heading.default\">\n\t\t\t\t<div class=\"elementor-widget-container\">\n\t\t\t<style>\/*! elementor - v3.23.0 - 05-08-2024 *\/\n.elementor-heading-title{padding:0;margin:0;line-height:1}.elementor-widget-heading .elementor-heading-title[class*=elementor-size-]>a{color:inherit;font-size:inherit;line-height:inherit}.elementor-widget-heading .elementor-heading-title.elementor-size-small{font-size:15px}.elementor-widget-heading .elementor-heading-title.elementor-size-medium{font-size:19px}.elementor-widget-heading .elementor-heading-title.elementor-size-large{font-size:29px}.elementor-widget-heading .elementor-heading-title.elementor-size-xl{font-size:39px}.elementor-widget-heading .elementor-heading-title.elementor-size-xxl{font-size:59px}<\/style><h2 class=\"elementor-heading-title elementor-size-default\">Discover Our Services: Commitment to Animal Welfare<\/h2>\t\t<\/div>\n\t\t\t\t<\/div>\n\t\t\t\t<div class=\"elementor-element elementor-element-82bd5bd elementor-widget elementor-widget-text-editor\" data-id=\"82bd5bd\" data-element_type=\"widget\" data-widget_type=\"text-editor.default\">\n\t\t\t\t<div class=\"elementor-widget-container\">\n\t\t\t<style>\/*! elementor - v3.23.0 - 05-08-2024 *\/\n.elementor-widget-text-editor.elementor-drop-cap-view-stacked .elementor-drop-cap{background-color:#69727d;color:#fff}.elementor-widget-text-editor.elementor-drop-cap-view-framed .elementor-drop-cap{color:#69727d;border:3px solid;background-color:transparent}.elementor-widget-text-editor:not(.elementor-drop-cap-view-default) .elementor-drop-cap{margin-top:8px}.elementor-widget-text-editor:not(.elementor-drop-cap-view-default) .elementor-drop-cap-letter{width:1em;height:1em}.elementor-widget-text-editor .elementor-drop-cap{float:left;text-align:center;line-height:1;font-size:50px}.elementor-widget-text-editor .elementor-drop-cap-letter{display:inline-block}<\/style>\t\t\t\t<p>&#034;In Love Rescue Foundation INC, we are dedicated to improving the lives of animals through education, rescue and adoption. We provide comprehensive medical care, rehabilitation and adoption careful, ensuring a happy future for each animal. In addition, we promote laws against child abuse and we offer ongoing support to the adoptive parents.<\/p>\t\t\t\t\t\t<\/div>\n\t\t\t\t<\/div>\n\t\t\t\t\t<\/div>\n\t\t<\/div>\n\t\t\t\t\t<\/div>\n\t\t<\/section>\n\t\t\t\t\t<\/div>\n\t\t<\/div>\n\t\t\t\t<div class=\"elementor-column elementor-col-50 elementor-top-column elementor-element elementor-element-e9f895f\" data-id=\"e9f895f\" data-element_type=\"column\">\n\t\t\t<div class=\"elementor-widget-wrap elementor-element-populated\">\n\t\t\t\t\t\t<div class=\"elementor-element elementor-element-8bfe9cc elementor-widget elementor-widget-image\" data-id=\"8bfe9cc\" data-element_type=\"widget\" data-widget_type=\"image.default\">\n\t\t\t\t<div class=\"elementor-widget-container\">\n\t\t\t<style>\/*! elementor - v3.23.0 - 05-08-2024 *\/\n.elementor-widget-image{text-align:center}.elementor-widget-image a{display:inline-block}.elementor-widget-image a img[src$=\".svg\"]{width:48px}.elementor-widget-image img{vertical-align:middle;display:inline-block}<\/style>\t\t\t\t\t\t\t\t\t\t<img fetchpriority=\"high\" decoding=\"async\" width=\"765\" height=\"750\" src=\"https:\/\/loverescuefoundation.org\/wp-content\/uploads\/2024\/04\/Diseno-sin-titulo-5.png\" class=\"attachment-large size-large wp-image-5337\" alt=\"\" srcset=\"https:\/\/loverescuefoundation.org\/wp-content\/uploads\/2024\/04\/Diseno-sin-titulo-5.png 765w, https:\/\/loverescuefoundation.org\/wp-content\/uploads\/2024\/04\/Diseno-sin-titulo-5-306x300.png 306w\" sizes=\"(max-width: 765px) 100vw, 765px\" \/>\t\t\t\t\t\t\t\t\t\t\t\t\t<\/div>\n\t\t\t\t<\/div>\n\t\t\t\t\t<\/div>\n\t\t<\/div>\n\t\t\t\t\t<\/div>\n\t\t<\/section>\n\t\t\t\t<section class=\"elementor-section elementor-top-section elementor-element elementor-element-eb8ac2f elementor-section-full_width elementor-section-height-default elementor-section-height-default\" data-id=\"eb8ac2f\" data-element_type=\"section\">\n\t\t\t\t\t\t<div class=\"elementor-container elementor-column-gap-default\">\n\t\t\t\t\t<div class=\"elementor-column elementor-col-100 elementor-top-column elementor-element elementor-element-840d156\" data-id=\"840d156\" data-element_type=\"column\">\n\t\t\t<div class=\"elementor-widget-wrap elementor-element-populated\">\n\t\t\t\t\t\t<div class=\"elementor-element elementor-element-154e26f elementor-widget__width-auto elementor-widget elementor-widget-heading\" data-id=\"154e26f\" data-element_type=\"widget\" data-widget_type=\"heading.default\">\n\t\t\t\t<div class=\"elementor-widget-container\">\n\t\t\t<h2 class=\"elementor-heading-title elementor-size-default\">SERVICES<\/h2>\t\t<\/div>\n\t\t\t\t<\/div>\n\t\t\t\t<div class=\"elementor-element elementor-element-ccaa4ab elementor-widget elementor-widget-heading\" data-id=\"ccaa4ab\" data-element_type=\"widget\" data-widget_type=\"heading.default\">\n\t\t\t\t<div class=\"elementor-widget-container\">\n\t\t\t<h2 class=\"elementor-heading-title elementor-size-default\">Protection and Animal Care<\/h2>\t\t<\/div>\n\t\t\t\t<\/div>\n\t\t\t\t<section class=\"elementor-section elementor-inner-section elementor-element elementor-element-c9696c2 elementor-section-boxed elementor-section-height-default elementor-section-height-default\" data-id=\"c9696c2\" data-element_type=\"section\">\n\t\t\t\t\t\t<div class=\"elementor-container elementor-column-gap-default\">\n\t\t\t\t\t<div class=\"elementor-column elementor-col-50 elementor-inner-column elementor-element elementor-element-bf8852c\" data-id=\"bf8852c\" data-element_type=\"column\">\n\t\t\t<div class=\"elementor-widget-wrap elementor-element-populated\">\n\t\t\t\t\t\t<div class=\"elementor-element elementor-element-6ab85c8 elementor-position-top elementor-widget elementor-widget-image-box\" data-id=\"6ab85c8\" data-element_type=\"widget\" data-widget_type=\"image-box.default\">\n\t\t\t\t<div class=\"elementor-widget-container\">\n\t\t\t<style>.elementor-widget-image-box .elementor-image-box-content{width:100%}@media (min-width:768px){.elementor-widget-image-box.elementor-position-left .elementor-image-box-wrapper,.elementor-widget-image-box.elementor-position-right .elementor-image-box-wrapper{display:flex}.elementor-widget-image-box.elementor-position-right .elementor-image-box-wrapper{text-align:end;flex-direction:row-reverse}.elementor-widget-image-box.elementor-position-left .elementor-image-box-wrapper{text-align:start;flex-direction:row}.elementor-widget-image-box.elementor-position-top .elementor-image-box-img{margin:auto}.elementor-widget-image-box.elementor-vertical-align-top .elementor-image-box-wrapper{align-items:flex-start}.elementor-widget-image-box.elementor-vertical-align-middle .elementor-image-box-wrapper{align-items:center}.elementor-widget-image-box.elementor-vertical-align-bottom .elementor-image-box-wrapper{align-items:flex-end}}@media (max-width:767px){.elementor-widget-image-box .elementor-image-box-img{margin-left:auto!important;margin-right:auto!important;margin-bottom:15px}}.elementor-widget-image-box .elementor-image-box-img{display:inline-block}.elementor-widget-image-box .elementor-image-box-title a{color:inherit}.elementor-widget-image-box .elementor-image-box-wrapper{text-align:center}.elementor-widget-image-box .elementor-image-box-description{margin:0}<\/style><div class=\"elementor-image-box-wrapper\"><figure class=\"elementor-image-box-img\"><a href=\"https:\/\/loverescuefoundation.org\/en\/educacion\/\" tabindex=\"-1\"><img decoding=\"async\" width=\"1080\" height=\"600\" src=\"https:\/\/loverescuefoundation.org\/wp-content\/uploads\/2024\/04\/Diseno-sin-titulo-6.png\" class=\"attachment-full size-full wp-image-5345\" alt=\"\" srcset=\"https:\/\/loverescuefoundation.org\/wp-content\/uploads\/2024\/04\/Diseno-sin-titulo-6.png 1080w, https:\/\/loverescuefoundation.org\/wp-content\/uploads\/2024\/04\/Diseno-sin-titulo-6-540x300.png 540w\" sizes=\"(max-width: 1080px) 100vw, 1080px\" \/><\/a><\/figure><div class=\"elementor-image-box-content\"><h3 class=\"elementor-image-box-title\"><a href=\"https:\/\/loverescuefoundation.org\/en\/educacion\/\">Education<\/a><\/h3><\/div><\/div>\t\t<\/div>\n\t\t\t\t<\/div>\n\t\t\t\t\t<\/div>\n\t\t<\/div>\n\t\t\t\t<div class=\"elementor-column elementor-col-50 elementor-inner-column elementor-element elementor-element-c54d4b7\" data-id=\"c54d4b7\" data-element_type=\"column\">\n\t\t\t<div class=\"elementor-widget-wrap elementor-element-populated\">\n\t\t\t\t\t\t<div class=\"elementor-element elementor-element-fb2d7f0 elementor-position-top elementor-widget elementor-widget-image-box\" data-id=\"fb2d7f0\" data-element_type=\"widget\" data-widget_type=\"image-box.default\">\n\t\t\t\t<div class=\"elementor-widget-container\">\n\t\t\t<div class=\"elementor-image-box-wrapper\"><figure class=\"elementor-image-box-img\"><a href=\"https:\/\/loverescuefoundation.org\/en\/leyes-de-maltrato-animal\/\" tabindex=\"-1\"><img decoding=\"async\" width=\"1080\" height=\"600\" src=\"https:\/\/loverescuefoundation.org\/wp-content\/uploads\/2024\/04\/Diseno-sin-titulo-7.png\" class=\"attachment-full size-full wp-image-5346\" alt=\"\" srcset=\"https:\/\/loverescuefoundation.org\/wp-content\/uploads\/2024\/04\/Diseno-sin-titulo-7.png 1080w, https:\/\/loverescuefoundation.org\/wp-content\/uploads\/2024\/04\/Diseno-sin-titulo-7-540x300.png 540w\" sizes=\"(max-width: 1080px) 100vw, 1080px\" \/><\/a><\/figure><div class=\"elementor-image-box-content\"><h3 class=\"elementor-image-box-title\"><a href=\"https:\/\/loverescuefoundation.org\/en\/leyes-de-maltrato-animal\/\">Laws of Animal Abuse<\/a><\/h3><\/div><\/div>\t\t<\/div>\n\t\t\t\t<\/div>\n\t\t\t\t\t<\/div>\n\t\t<\/div>\n\t\t\t\t\t<\/div>\n\t\t<\/section>\n\t\t\t\t<section class=\"elementor-section elementor-inner-section elementor-element elementor-element-b448221 elementor-section-boxed elementor-section-height-default elementor-section-height-default\" data-id=\"b448221\" data-element_type=\"section\">\n\t\t\t\t\t\t<div class=\"elementor-container elementor-column-gap-default\">\n\t\t\t\t\t<div class=\"elementor-column elementor-col-50 elementor-inner-column elementor-element elementor-element-c7820df\" data-id=\"c7820df\" data-element_type=\"column\">\n\t\t\t<div class=\"elementor-widget-wrap elementor-element-populated\">\n\t\t\t\t\t\t<div class=\"elementor-element elementor-element-550051f elementor-position-top elementor-widget elementor-widget-image-box\" data-id=\"550051f\" data-element_type=\"widget\" data-widget_type=\"image-box.default\">\n\t\t\t\t<div class=\"elementor-widget-container\">\n\t\t\t<div class=\"elementor-image-box-wrapper\"><figure class=\"elementor-image-box-img\"><a href=\"https:\/\/loverescuefoundation.org\/en\/adopcion-de-animales\/\" tabindex=\"-1\"><img loading=\"lazy\" decoding=\"async\" width=\"1080\" height=\"600\" src=\"https:\/\/loverescuefoundation.org\/wp-content\/uploads\/2024\/04\/Diseno-sin-titulo-8.png\" class=\"attachment-full size-full wp-image-5347\" alt=\"\" srcset=\"https:\/\/loverescuefoundation.org\/wp-content\/uploads\/2024\/04\/Diseno-sin-titulo-8.png 1080w, https:\/\/loverescuefoundation.org\/wp-content\/uploads\/2024\/04\/Diseno-sin-titulo-8-540x300.png 540w\" sizes=\"(max-width: 1080px) 100vw, 1080px\" \/><\/a><\/figure><div class=\"elementor-image-box-content\"><h3 class=\"elementor-image-box-title\"><a href=\"https:\/\/loverescuefoundation.org\/en\/adopcion-de-animales\/\">Animal adoption<\/a><\/h3><\/div><\/div>\t\t<\/div>\n\t\t\t\t<\/div>\n\t\t\t\t\t<\/div>\n\t\t<\/div>\n\t\t\t\t<div class=\"elementor-column elementor-col-50 elementor-inner-column elementor-element elementor-element-a05fde6\" data-id=\"a05fde6\" data-element_type=\"column\">\n\t\t\t<div class=\"elementor-widget-wrap elementor-element-populated\">\n\t\t\t\t\t\t<div class=\"elementor-element elementor-element-897530f elementor-position-top elementor-widget elementor-widget-image-box\" data-id=\"897530f\" data-element_type=\"widget\" data-widget_type=\"image-box.default\">\n\t\t\t\t<div class=\"elementor-widget-container\">\n\t\t\t<div class=\"elementor-image-box-wrapper\"><figure class=\"elementor-image-box-img\"><a href=\"https:\/\/loverescuefoundation.org\/en\/bienestar-animal\/\" tabindex=\"-1\"><img loading=\"lazy\" decoding=\"async\" width=\"1080\" height=\"600\" src=\"https:\/\/loverescuefoundation.org\/wp-content\/uploads\/2024\/04\/Diseno-sin-titulo-9.png\" class=\"attachment-full size-full wp-image-5348\" alt=\"\" srcset=\"https:\/\/loverescuefoundation.org\/wp-content\/uploads\/2024\/04\/Diseno-sin-titulo-9.png 1080w, https:\/\/loverescuefoundation.org\/wp-content\/uploads\/2024\/04\/Diseno-sin-titulo-9-540x300.png 540w\" sizes=\"(max-width: 1080px) 100vw, 1080px\" \/><\/a><\/figure><div class=\"elementor-image-box-content\"><h3 class=\"elementor-image-box-title\"><a href=\"https:\/\/loverescuefoundation.org\/en\/bienestar-animal\/\">Animal Welfare<\/a><\/h3><\/div><\/div>\t\t<\/div>\n\t\t\t\t<\/div>\n\t\t\t\t\t<\/div>\n\t\t<\/div>\n\t\t\t\t\t<\/div>\n\t\t<\/section>\n\t\t\t\t\t<\/div>\n\t\t<\/div>\n\t\t\t\t\t<\/div>\n\t\t<\/section>\n\t\t\t\t<\/div>","protected":false},"excerpt":{"rendered":"<p>Descubre Nuestros Servicios: Compromiso con el Bienestar Animal \u00abEn Love Rescue Foundation INC, nos dedicamos a mejorar la vida de los animales a trav\u00e9s de la educaci\u00f3n, rescate y adopci\u00f3n. Proporcionamos atenci\u00f3n m\u00e9dica integral, rehabilitaci\u00f3n y un proceso de adopci\u00f3n cuidadoso, asegurando un futuro feliz para cada animal. Adem\u00e1s, promovemos leyes contra el maltrato y&#8230;<\/p>","protected":false},"author":2,"featured_media":0,"parent":0,"menu_order":0,"comment_status":"closed","ping_status":"closed","template":"elementor_header_footer","meta":{"footnotes":""},"class_list":["post-5335","page","type-page","status-publish","hentry"],"_links":{"self":[{"href":"https:\/\/loverescuefoundation.org\/en\/wp-json\/wp\/v2\/pages\/5335","targetHints":{"allow":["GET"]}}],"collection":[{"href":"https:\/\/loverescuefoundation.org\/en\/wp-json\/wp\/v2\/pages"}],"about":[{"href":"https:\/\/loverescuefoundation.org\/en\/wp-json\/wp\/v2\/types\/page"}],"author":[{"embeddable":true,"href":"https:\/\/loverescuefoundation.org\/en\/wp-json\/wp\/v2\/users\/2"}],"replies":[{"embeddable":true,"href":"https:\/\/loverescuefoundation.org\/en\/wp-json\/wp\/v2\/comments?post=5335"}],"version-history":[{"count":34,"href":"https:\/\/loverescuefoundation.org\/en\/wp-json\/wp\/v2\/pages\/5335\/revisions"}],"predecessor-version":[{"id":5595,"href":"https:\/\/loverescuefoundation.org\/en\/wp-json\/wp\/v2\/pages\/5335\/revisions\/5595"}],"wp:attachment":[{"href":"https:\/\/loverescuefoundation.org\/en\/wp-json\/wp\/v2\/media?parent=5335"}],"curies":[{"name":"wp","href":"https:\/\/api.w.org\/{rel}","templated":true}]}}